{"id":1372,"date":"2025-06-02T15:08:49","date_gmt":"2025-06-02T15:08:49","guid":{"rendered":"https:\/\/gipro.com\/?page_id=1372"},"modified":"2026-03-09T12:40:26","modified_gmt":"2026-03-09T12:40:26","slug":"epoxy-insulator-quality","status":"publish","type":"page","link":"https:\/\/gipro.com\/en\/competencies\/epoxy-insulator-quality\/","title":{"rendered":"Insulator quality"},"content":{"rendered":"<div id=\"standard-header-block_6d5dcfcd2ef4961fcfea2d3a1d37463e\" class=\"standard-header-module alignfull\">\n            <div class=\"insulator-header\">\n            <div class=\"container\">\n                <h1 class=\"insulator-title\">Epoxy Insulator Quality<\/h1>\n            <\/div>\n        <\/div>\n        \n    <div class=\"container\">\n        <div class=\"breadcrumbs\"><a href=\"https:\/\/gipro.com\/en\/\">Home<\/a> > <\/div>        <div class=\"standard-header-wrapper\">\n            <div class=\"text-content-column\">\n                                    <div class=\"module-teaser\"><h2>Tested and approved insulators, plugs, medium voltage bushings and secondary bushings<\/h2>\n<\/div>\n                                                    <div class=\"module-text\"><h3>At GIPRO we can guarantee faultless delivery, test documentation and insulator durability.<\/h3>\n<div class=\"wrap\">\n<p>So that you only receive\u00a0<a href=\"https:\/\/gipro.com\/en\/1331-2\/\">insulators and bushings<\/a>\u00a0which meet our exacting quality standards, we use a wide range of\u00a0state-of-the-art testing equipment:<\/p>\n<ul>\n<li>Partial discharge testing: 1 device for up to 110 kV<\/li>\n<li>Partial discharge testing: 1 device for up to 200 kV<\/li>\n<li>Electrical testing<\/li>\n<li>X-ray testing<br \/>\n(RT1, RT2-inspectors acc. EN ISO 9712)<\/li>\n<li>Helium leakage detection systems<br \/>\n(LT1, LT2-inspectors acc. EN ISO 9712)<\/li>\n<li>Climatic testing chambers for temperature tests<br \/>\n(-70\u00b0 to +180\u00b0 C)<\/li>\n<li>Pressure testing<\/li>\n<li>Burst testing<\/li>\n<li>DSC analysis (e.g. to determine glass transition temperatures)<\/li>\n<li>Determination of filler content<\/li>\n<\/ul>\n<p>GIPRO has many\u00a0partners in the world of scientific and technological research, in both the public and private sectors. Among others, we have partnerships with Graz University of Technology (<a href=\"http:\/\/www.tugraz.at\/\" target=\"_blank\" rel=\"noopener\">www.tugraz.at<\/a>), Montanuniversitaet Leoben (<a href=\"http:\/\/www.unileoben.ac.at\/\" target=\"_blank\" rel=\"noopener\">www.unileoben.ac.at<\/a>), the Polymer Competence Center Leoben\u00a0 (<a href=\"http:\/\/www.pccl.at\/\" target=\"_blank\" rel=\"noopener\">www.pccl.at<\/a>), the Austrian Casting Institute\u00a0 (<a href=\"http:\/\/www.ogi.at\/\" target=\"_blank\" rel=\"noopener\">www.ogi.at<\/a>) and the Aerospace &amp; Advanced Composites research centre in Seibersdorf<br \/>\n(<a href=\"http:\/\/www.aac-research.at\/\" target=\"_blank\" rel=\"noopener\">www.aac-research.at<\/a>).<\/p>\n<p>Additionally we work with the engineers from EPS in UK<br \/>\n(<a href=\"http:\/\/www.eps-uk.co.uk\/\" target=\"_blank\" rel=\"noopener\">www.eps-uk.co.uk<\/a>) and the company StresCon in Germany (<a href=\"http:\/\/www.strescon.de\/\" target=\"_blank\" rel=\"noopener\">www.strescon.de<\/a>).<\/p>\n<\/div>\n<\/div>\n                                            <\/div>\n            <div class=\"media-column\">\n                                    <figure>\n                        <img decoding=\"async\" src=\"https:\/\/gipro.com\/wp-content\/uploads\/2025\/06\/GIPRO-Insulator-X-Ray-testing.png\" alt=\"GIPRO Qualit\u00e4tspr\u00fcfungen von Isolatoren\">\n                                            <\/figure>\n                            <\/div>\n        <\/div>\n    <\/div>\n<\/div>\n\n\n    <h2 class=\"multicolumn-headline\">Electrical Testing and Gas-tightness<\/h2>\n<div id=\"multicolumn-image-text-block_134db9ecc9a11feb976290b2ac2d8777\" class=\"multicolumn-image-text-module alignfull has-grey-headline-bg has-grey-content-bg\" style=\"\">\n    <div class=\"container\">\n        <div class=\"multicolumn-content-wrapper\">\n                            <div class=\"multicolumn-items-grid\">\n                                            <div class=\"multicolumn-item\">\n                                                             <div class=\"multicolumn-item-image\">\n                                    <img decoding=\"async\" src=\"https:\/\/gipro.com\/wp-content\/uploads\/2025\/06\/GIPRO-Insulator-in-High-Voltage-Test.png\" alt=\"Ein lektrischer \u00dcberschlag beim Testen eines Isolators\">\n                                <\/div>\n                                                        <div class=\"multicolumn-item-content\">\n                                                                    <h3 class=\"multicolumn-item-headline\">Electrical Testing of Insulators<\/h3>\n                                                                                                    <div class=\"multicolumn-item-text\"><p>Insulators and bushings are tested on their PD-levels (partial discharge) up to 200 kV.<\/p>\n<\/div>\n                                                            <\/div>\n                        <\/div>\n                                            <div class=\"multicolumn-item\">\n                                                             <div class=\"multicolumn-item-image\">\n                                    <img decoding=\"async\" src=\"https:\/\/gipro.com\/wp-content\/uploads\/2025\/08\/GIPRO-Gas-Thightness-Testing-Bushings.jpg\" alt=\"Gie\u00dfharz Durchf\u00fchrungen Gasdichtigkeitspr\u00fcfung\">\n                                <\/div>\n                                                        <div class=\"multicolumn-item-content\">\n                                                                    <h3 class=\"multicolumn-item-headline\">Helium leakage detection<\/h3>\n                                                                                                    <div class=\"multicolumn-item-text\"><p>Bushings are tested on their gas-tightness. GIPRO has skilled LT1, LT2-inspectors acc. EN ISO 9712.<\/p>\n<\/div>\n                                                            <\/div>\n                        <\/div>\n                                    <\/div>\n                    <\/div>\n    <\/div>\n<\/div>\n\n\n    <h2 class=\"multicolumn-headline\">X-ray Testing and Climate chamber<\/h2>\n<div id=\"multicolumn-image-text-block_d28e43611ee83f507d59a1375385f474\" class=\"multicolumn-image-text-module alignfull has-grey-headline-bg has-grey-content-bg\" style=\"\">\n    <div class=\"container\">\n        <div class=\"multicolumn-content-wrapper\">\n                            <div class=\"multicolumn-items-grid\">\n                                            <div class=\"multicolumn-item\">\n                                                             <div class=\"multicolumn-item-image\">\n                                    <img decoding=\"async\" src=\"https:\/\/gipro.com\/wp-content\/uploads\/2025\/06\/GIPRO-Insulator-X-Ray-testing.png\" alt=\"GIPRO Qualit\u00e4tspr\u00fcfungen von Isolatoren\">\n                                <\/div>\n                                                        <div class=\"multicolumn-item-content\">\n                                                                    <h3 class=\"multicolumn-item-headline\">X-Ray Testing of Insulators<\/h3>\n                                                                                                    <div class=\"multicolumn-item-text\"><p>Insulators are checked in the X-ray chamber regarding their matrix homogeneity. GIPRO has skilled RT1, RT2-inspectors acc. EN ISO 9712.<\/p>\n<\/div>\n                                                            <\/div>\n                        <\/div>\n                                            <div class=\"multicolumn-item\">\n                                                             <div class=\"multicolumn-item-image\">\n                                    <img decoding=\"async\" src=\"https:\/\/gipro.com\/wp-content\/uploads\/2025\/08\/GIPRO-Pruefungen-Temperaturwechsel.jpg\" alt=\"Isolatoren von GIPRO werden auf Temepratur-Freundlichkeit getestet\">\n                                <\/div>\n                                                        <div class=\"multicolumn-item-content\">\n                                                                    <h3 class=\"multicolumn-item-headline\">Temperature Testing<\/h3>\n                                                                                                    <div class=\"multicolumn-item-text\"><p>At GIPRO insulators could be checked within a temperature range from -70\u00b0 to +180\u00b0 C.<\/p>\n<\/div>\n                                                            <\/div>\n                        <\/div>\n                                    <\/div>\n                    <\/div>\n    <\/div>\n<\/div>\n\n\n    <h2 class=\"multicolumn-headline\">Chemical Analysis and dimensional inspection<\/h2>\n<div id=\"multicolumn-image-text-block_7341a29fbcb3324b68d2e17e3ece21f7\" class=\"multicolumn-image-text-module alignfull has-grey-headline-bg has-grey-content-bg\" style=\"\">\n    <div class=\"container\">\n        <div class=\"multicolumn-content-wrapper\">\n                            <div class=\"multicolumn-items-grid\">\n                                            <div class=\"multicolumn-item\">\n                                                             <div class=\"multicolumn-item-image\">\n                                    <img decoding=\"async\" src=\"https:\/\/gipro.com\/wp-content\/uploads\/2025\/08\/GIPRO-DSC-Insulator-Analysis.jpg\" alt=\"DSC-Pr\u00fcfungen sind teil der Qualit\u00e4tskontrolle von Isolatoren bei GIPRO\">\n                                <\/div>\n                                                        <div class=\"multicolumn-item-content\">\n                                                                    <h3 class=\"multicolumn-item-headline\">Differential Scanning Calorimetry Anaylsis<\/h3>\n                                                                                                    <div class=\"multicolumn-item-text\"><p>With the DSC-Analysis (Differential Scanning Calorimetry) the glass transition temperature of insulators could be tested.<\/p>\n<\/div>\n                                                            <\/div>\n                        <\/div>\n                                            <div class=\"multicolumn-item\">\n                                                             <div class=\"multicolumn-item-image\">\n                                    <img decoding=\"async\" src=\"https:\/\/gipro.com\/wp-content\/uploads\/2025\/08\/GIPRO-Insulator-Dimensional-Inspection.jpg\" alt=\"Exakte Ma\u00df-Anlysen f\u00fcr beste Qualit\u00e4t bei Isolatoren von GIPRO\">\n                                <\/div>\n                                                        <div class=\"multicolumn-item-content\">\n                                                                    <h3 class=\"multicolumn-item-headline\">Dimensional Inspection of Insulators<\/h3>\n                                                                                                    <div class=\"multicolumn-item-text\"><p>Exact dimensional inspection of epoxy insulators is available with high-precision and modern instruments.<\/p>\n<\/div>\n                                                            <\/div>\n                        <\/div>\n                                    <\/div>\n                    <\/div>\n    <\/div>\n<\/div>\n","protected":false},"excerpt":{"rendered":"","protected":false},"author":3,"featured_media":0,"parent":1349,"menu_order":25,"comment_status":"closed","ping_status":"closed","template":"","meta":{"_acf_changed":false,"footnotes":""},"class_list":["post-1372","page","type-page","status-publish","hentry"],"acf":[],"yoast_head":"<!-- This site is optimized with the Yoast SEO plugin v27.4 - https:\/\/yoast.com\/product\/yoast-seo-wordpress\/ -->\n<title>Insulator quality - Gipro<\/title>\n<meta name=\"robots\" content=\"index, follow, max-snippet:-1, max-image-preview:large, max-video-preview:-1\" \/>\n<link rel=\"canonical\" href=\"https:\/\/gipro.com\/en\/competencies\/epoxy-insulator-quality\/\" \/>\n<meta property=\"og:locale\" content=\"en_US\" \/>\n<meta property=\"og:type\" content=\"article\" \/>\n<meta property=\"og:title\" content=\"Insulator quality - Gipro\" \/>\n<meta property=\"og:url\" content=\"https:\/\/gipro.com\/en\/competencies\/epoxy-insulator-quality\/\" \/>\n<meta property=\"og:site_name\" content=\"Gipro\" \/>\n<meta property=\"article:publisher\" content=\"https:\/\/www.facebook.com\/gipro.isolatoren\/\" \/>\n<meta property=\"article:modified_time\" content=\"2026-03-09T12:40:26+00:00\" \/>\n<meta name=\"twitter:card\" content=\"summary_large_image\" \/>\n<script type=\"application\/ld+json\" class=\"yoast-schema-graph\">{\"@context\":\"https:\\\/\\\/schema.org\",\"@graph\":[{\"@type\":\"WebPage\",\"@id\":\"https:\\\/\\\/gipro.com\\\/en\\\/competencies\\\/epoxy-insulator-quality\\\/\",\"url\":\"https:\\\/\\\/gipro.com\\\/en\\\/competencies\\\/epoxy-insulator-quality\\\/\",\"name\":\"Insulator quality - Gipro\",\"isPartOf\":{\"@id\":\"https:\\\/\\\/gipro.com\\\/en\\\/#website\"},\"datePublished\":\"2025-06-02T15:08:49+00:00\",\"dateModified\":\"2026-03-09T12:40:26+00:00\",\"breadcrumb\":{\"@id\":\"https:\\\/\\\/gipro.com\\\/en\\\/competencies\\\/epoxy-insulator-quality\\\/#breadcrumb\"},\"inLanguage\":\"en-US\",\"potentialAction\":[{\"@type\":\"ReadAction\",\"target\":[\"https:\\\/\\\/gipro.com\\\/en\\\/competencies\\\/epoxy-insulator-quality\\\/\"]}]},{\"@type\":\"BreadcrumbList\",\"@id\":\"https:\\\/\\\/gipro.com\\\/en\\\/competencies\\\/epoxy-insulator-quality\\\/#breadcrumb\",\"itemListElement\":[{\"@type\":\"ListItem\",\"position\":1,\"name\":\"Home\",\"item\":\"https:\\\/\\\/gipro.com\\\/en\\\/\"},{\"@type\":\"ListItem\",\"position\":2,\"name\":\"COMPETENCIES\",\"item\":\"https:\\\/\\\/gipro.com\\\/en\\\/competencies\\\/\"},{\"@type\":\"ListItem\",\"position\":3,\"name\":\"Insulator quality\"}]},{\"@type\":\"WebSite\",\"@id\":\"https:\\\/\\\/gipro.com\\\/en\\\/#website\",\"url\":\"https:\\\/\\\/gipro.com\\\/en\\\/\",\"name\":\"GIPRO GmbH\",\"description\":\"\",\"publisher\":{\"@id\":\"https:\\\/\\\/gipro.com\\\/en\\\/#organization\"},\"potentialAction\":[{\"@type\":\"SearchAction\",\"target\":{\"@type\":\"EntryPoint\",\"urlTemplate\":\"https:\\\/\\\/gipro.com\\\/en\\\/?s={search_term_string}\"},\"query-input\":{\"@type\":\"PropertyValueSpecification\",\"valueRequired\":true,\"valueName\":\"search_term_string\"}}],\"inLanguage\":\"en-US\"},{\"@type\":\"Organization\",\"@id\":\"https:\\\/\\\/gipro.com\\\/en\\\/#organization\",\"name\":\"GIPRO\",\"url\":\"https:\\\/\\\/gipro.com\\\/en\\\/\",\"logo\":{\"@type\":\"ImageObject\",\"inLanguage\":\"en-US\",\"@id\":\"https:\\\/\\\/gipro.com\\\/en\\\/#\\\/schema\\\/logo\\\/image\\\/\",\"url\":\"https:\\\/\\\/gipro.com\\\/wp-content\\\/uploads\\\/2025\\\/06\\\/logo.png\",\"contentUrl\":\"https:\\\/\\\/gipro.com\\\/wp-content\\\/uploads\\\/2025\\\/06\\\/logo.png\",\"width\":425,\"height\":111,\"caption\":\"GIPRO\"},\"image\":{\"@id\":\"https:\\\/\\\/gipro.com\\\/en\\\/#\\\/schema\\\/logo\\\/image\\\/\"},\"sameAs\":[\"https:\\\/\\\/www.facebook.com\\\/gipro.isolatoren\\\/\",\"https:\\\/\\\/www.linkedin.com\\\/company\\\/gipro-gmbh\"]}]}<\/script>\n<!-- \/ Yoast SEO plugin. -->","yoast_head_json":{"title":"Insulator quality - Gipro","robots":{"index":"index","follow":"follow","max-snippet":"max-snippet:-1","max-image-preview":"max-image-preview:large","max-video-preview":"max-video-preview:-1"},"canonical":"https:\/\/gipro.com\/en\/competencies\/epoxy-insulator-quality\/","og_locale":"en_US","og_type":"article","og_title":"Insulator quality - Gipro","og_url":"https:\/\/gipro.com\/en\/competencies\/epoxy-insulator-quality\/","og_site_name":"Gipro","article_publisher":"https:\/\/www.facebook.com\/gipro.isolatoren\/","article_modified_time":"2026-03-09T12:40:26+00:00","twitter_card":"summary_large_image","schema":{"@context":"https:\/\/schema.org","@graph":[{"@type":"WebPage","@id":"https:\/\/gipro.com\/en\/competencies\/epoxy-insulator-quality\/","url":"https:\/\/gipro.com\/en\/competencies\/epoxy-insulator-quality\/","name":"Insulator quality - Gipro","isPartOf":{"@id":"https:\/\/gipro.com\/en\/#website"},"datePublished":"2025-06-02T15:08:49+00:00","dateModified":"2026-03-09T12:40:26+00:00","breadcrumb":{"@id":"https:\/\/gipro.com\/en\/competencies\/epoxy-insulator-quality\/#breadcrumb"},"inLanguage":"en-US","potentialAction":[{"@type":"ReadAction","target":["https:\/\/gipro.com\/en\/competencies\/epoxy-insulator-quality\/"]}]},{"@type":"BreadcrumbList","@id":"https:\/\/gipro.com\/en\/competencies\/epoxy-insulator-quality\/#breadcrumb","itemListElement":[{"@type":"ListItem","position":1,"name":"Home","item":"https:\/\/gipro.com\/en\/"},{"@type":"ListItem","position":2,"name":"COMPETENCIES","item":"https:\/\/gipro.com\/en\/competencies\/"},{"@type":"ListItem","position":3,"name":"Insulator quality"}]},{"@type":"WebSite","@id":"https:\/\/gipro.com\/en\/#website","url":"https:\/\/gipro.com\/en\/","name":"GIPRO GmbH","description":"","publisher":{"@id":"https:\/\/gipro.com\/en\/#organization"},"potentialAction":[{"@type":"SearchAction","target":{"@type":"EntryPoint","urlTemplate":"https:\/\/gipro.com\/en\/?s={search_term_string}"},"query-input":{"@type":"PropertyValueSpecification","valueRequired":true,"valueName":"search_term_string"}}],"inLanguage":"en-US"},{"@type":"Organization","@id":"https:\/\/gipro.com\/en\/#organization","name":"GIPRO","url":"https:\/\/gipro.com\/en\/","logo":{"@type":"ImageObject","inLanguage":"en-US","@id":"https:\/\/gipro.com\/en\/#\/schema\/logo\/image\/","url":"https:\/\/gipro.com\/wp-content\/uploads\/2025\/06\/logo.png","contentUrl":"https:\/\/gipro.com\/wp-content\/uploads\/2025\/06\/logo.png","width":425,"height":111,"caption":"GIPRO"},"image":{"@id":"https:\/\/gipro.com\/en\/#\/schema\/logo\/image\/"},"sameAs":["https:\/\/www.facebook.com\/gipro.isolatoren\/","https:\/\/www.linkedin.com\/company\/gipro-gmbh"]}]}},"_links":{"self":[{"href":"https:\/\/gipro.com\/en\/wp-json\/wp\/v2\/pages\/1372","targetHints":{"allow":["GET"]}}],"collection":[{"href":"https:\/\/gipro.com\/en\/wp-json\/wp\/v2\/pages"}],"about":[{"href":"https:\/\/gipro.com\/en\/wp-json\/wp\/v2\/types\/page"}],"author":[{"embeddable":true,"href":"https:\/\/gipro.com\/en\/wp-json\/wp\/v2\/users\/3"}],"replies":[{"embeddable":true,"href":"https:\/\/gipro.com\/en\/wp-json\/wp\/v2\/comments?post=1372"}],"version-history":[{"count":4,"href":"https:\/\/gipro.com\/en\/wp-json\/wp\/v2\/pages\/1372\/revisions"}],"predecessor-version":[{"id":1628,"href":"https:\/\/gipro.com\/en\/wp-json\/wp\/v2\/pages\/1372\/revisions\/1628"}],"up":[{"embeddable":true,"href":"https:\/\/gipro.com\/en\/wp-json\/wp\/v2\/pages\/1349"}],"wp:attachment":[{"href":"https:\/\/gipro.com\/en\/wp-json\/wp\/v2\/media?parent=1372"}],"curies":[{"name":"wp","href":"https:\/\/api.w.org\/{rel}","templated":true}]}}